{"id":2,"date":"2017-07-03T13:14:08","date_gmt":"2017-07-03T12:14:08","guid":{"rendered":"http:\/\/www.lelkes.home.sk\/wp\/?page_id=2"},"modified":"2024-04-29T16:11:25","modified_gmt":"2024-04-29T15:11:25","slug":"ez-csendes-ember-naplojabol","status":"publish","type":"page","link":"https:\/\/www.lelkes.sk\/wp\/","title":{"rendered":"Egy csendes ember napl\u00f3j\u00e1b\u00f3l."},"content":{"rendered":"<blockquote>\u00dcdv a &#8220;FELH\u0150&#8221; ezen eldugott zug\u00e1ban. Hogy hogyan ker\u00fclt\u00e9l ide? H\u00e1t val\u00f3sz\u00edn\u0171leg \u00e9n k\u00fcldtelek ide, mert meg akartam mutatni valami \u00e9rdekeset. A m\u00e1sik lehet\u0151s\u00e9g hogy k\u00edv\u00e1ncsi volt\u00e1l r\u00e1m \u00e9s a tudtom n\u00e9lk\u00fcl kattintott\u00e1l valahol erre a linkre. \ud83d\ude42<\/blockquote>\r\n<p>&nbsp;<\/p>\r\n<p>Hogy mi ez a hely? L\u00e9nyeg\u00e9ben egy szem\u00e9lyes blog, napl\u00f3, feljegyz\u00e9s gy\u0171jtem\u00e9ny vagy nevezd ahogy neked tetszik. Egy hely ahol \u00f6sszegy\u0171jt\u00f6ttem azokat a dolgokat, t\u00e9m\u00e1kat, gondolatokat amelyek ma foglalkoztatnak. A legt\u00f6bb nem publikus \u00e9s nem tartozik a nagy nyilv\u00e1noss\u00e1gra, de amihez hozz\u00e1f\u00e9rsz arr\u00f3l azt gondolom hogy \u00fcsse k\u0151, tal\u00e1n valaki m\u00e1snak is tetszene. Persze ha nagy hekker vagy \u00e9s nincs m\u00e1s dolgod, akkor \u00edgy j\u00e1rtam. \ud83d\ude00 Most megk\u00e9rdezhetn\u00e9d, mi\u00e9rt nem egy hagyom\u00e1nyos pap\u00edr alap\u00fa napl\u00f3ba \u00edrogatok. H\u00e1\u00e1\u00e1t. Egyr\u00e9szt v\u00e9dem a f\u00e1kat. \ud83d\ude42 A pap\u00edr alap\u00fa napl\u00f3 betelhet, elveszhet, illet\u00e9ktelen kezekbe ker\u00fclhet \u00e9s nincs kedvem cipelni b\u00e1rhov\u00e1 a vil\u00e1gban. M\u00e1sr\u00e9szt haladok a korral, a felh\u0151ben szinte korl\u00e1tlan hely van, igaz digit\u00e1lis vil\u00e1g, de nagyon sok mindent lehet digitaliz\u00e1lni \u00e9s b\u00e1rhonnan hozz\u00e1f\u00e9rhetek a tartalomhoz ahol van internet kapcsolat. Nagyon sz\u00e9pen sz\u00e9t tudom v\u00e1lasztani azt a tartalmat amit csak magamnak \u00edrok szem\u00e9lyis\u00e9gfejl\u0151d\u00e9s c\u00e9lj\u00e1b\u00f3l\u00a0 att\u00f3l amit m\u00e1snak is megmutathatok. Ja \u00e9s nem utols\u00f3sorban ennek a tartalomkezel\u0151nek a konkurens\u00e9t haszn\u00e1ltam eddig, \u00fagy d\u00f6nt\u00f6ttem hogy ezt is megtanulom \u00e9s valamilyen tartalommal meg kellet t\u00f6ltenem.<\/p>\r\n<p>&nbsp;<\/p>\r\n<blockquote>Sz\u00f3val Kedves l\u00e1togat\u00f3, j\u00f3 b\u00f6ng\u00e9sz\u00e9st \u00e9s ha nagyon leny\u0171g\u00f6z vagy megtetszik valami akkor m\u00e1r nem volt hi\u00e1ba hogy itt koptatom a billenty\u0171zetet. J\u00f3 sz\u00f3rakoz\u00e1st \u00e9s legyen sz\u00e9p napod.<\/blockquote>\r\n\r\n<p>&nbsp;<\/p>\r\n","protected":false},"excerpt":{"rendered":"<p>\u00dcdv a &#8220;FELH\u0150&#8221; ezen eldugott zug\u00e1ban. Hogy hogyan ker\u00fclt\u00e9l ide? H\u00e1t val\u00f3sz\u00edn\u0171leg \u00e9n k\u00fcldtelek ide, mert meg akartam mutatni valami&hellip;<\/p>\n","protected":false},"author":1,"featured_media":42,"parent":0,"menu_order":0,"comment_status":"closed","ping_status":"closed","template":"","meta":{"footnotes":""},"_links":{"self":[{"href":"https:\/\/www.lelkes.sk\/wp\/index.php?rest_route=\/wp\/v2\/pages\/2"}],"collection":[{"href":"https:\/\/www.lelkes.sk\/wp\/index.php?rest_route=\/wp\/v2\/pages"}],"about":[{"href":"https:\/\/www.lelkes.sk\/wp\/index.php?rest_route=\/wp\/v2\/types\/page"}],"author":[{"embeddable":true,"href":"https:\/\/www.lelkes.sk\/wp\/index.php?rest_route=\/wp\/v2\/users\/1"}],"replies":[{"embeddable":true,"href":"https:\/\/www.lelkes.sk\/wp\/index.php?rest_route=%2Fwp%2Fv2%2Fcomments&post=2"}],"version-history":[{"count":45,"href":"https:\/\/www.lelkes.sk\/wp\/index.php?rest_route=\/wp\/v2\/pages\/2\/revisions"}],"predecessor-version":[{"id":849,"href":"https:\/\/www.lelkes.sk\/wp\/index.php?rest_route=\/wp\/v2\/pages\/2\/revisions\/849"}],"wp:featuredmedia":[{"embeddable":true,"href":"https:\/\/www.lelkes.sk\/wp\/index.php?rest_route=\/wp\/v2\/media\/42"}],"wp:attachment":[{"href":"https:\/\/www.lelkes.sk\/wp\/index.php?rest_route=%2Fwp%2Fv2%2Fmedia&parent=2"}],"curies":[{"name":"wp","href":"https:\/\/api.w.org\/{rel}","templated":true}]}}